{"id":27,"date":"2019-06-23T00:24:48","date_gmt":"2019-06-23T00:24:48","guid":{"rendered":"https:\/\/englishplay.com.ve\/?page_id=27"},"modified":"2021-11-03T21:58:30","modified_gmt":"2021-11-03T21:58:30","slug":"blog","status":"publish","type":"page","link":"https:\/\/www.englishplay.com.ve\/","title":{"rendered":"Blog"},"content":{"rendered":"\n<figure class=\"wp-block-image size-large\"><a href=\"https:\/\/www.englishplay.com.ve\/?p=154\"><img decoding=\"async\" loading=\"lazy\" width=\"1024\" height=\"576\" src=\"https:\/\/www.englishplay.com.ve\/wp-content\/uploads\/2021\/11\/Work-From-Home-Freelance-Blog-Banner-1-1024x576.png\" alt=\"Buscando tu camino para aprender ingles\" class=\"wp-image-161\" srcset=\"https:\/\/www.englishplay.com.ve\/wp-content\/uploads\/2021\/11\/Work-From-Home-Freelance-Blog-Banner-1-1024x576.png 1024w, https:\/\/www.englishplay.com.ve\/wp-content\/uploads\/2021\/11\/Work-From-Home-Freelance-Blog-Banner-1-300x169.png 300w, https:\/\/www.englishplay.com.ve\/wp-content\/uploads\/2021\/11\/Work-From-Home-Freelance-Blog-Banner-1-768x432.png 768w, https:\/\/www.englishplay.com.ve\/wp-content\/uploads\/2021\/11\/Work-From-Home-Freelance-Blog-Banner-1-1536x864.png 1536w, https:\/\/www.englishplay.com.ve\/wp-content\/uploads\/2021\/11\/Work-From-Home-Freelance-Blog-Banner-1-2048x1152.png 2048w, https:\/\/www.englishplay.com.ve\/wp-content\/uploads\/2021\/11\/Work-From-Home-Freelance-Blog-Banner-1-1920x1080.png 1920w\" sizes=\"(max-width: 1024px) 100vw, 1024px\" \/><\/a><figcaption>Tu camino para aprender ingles<\/figcaption><\/figure>\n\n\n\n<figure class=\"wp-block-image size-large\"><a href=\"https:\/\/www.englishplay.com.ve\/2020\/03\/11\/como-aprender-ingles-basico-inteligentemente-s-m-a-r-t\/\"><img decoding=\"async\" loading=\"lazy\" width=\"560\" height=\"315\" src=\"https:\/\/www.englishplay.com.ve\/wp-content\/uploads\/2020\/03\/aprender-ingles-inteligentemente.png\" alt=\"estableciendo objetivos SMART para aprender ingles\" class=\"wp-image-99\" srcset=\"https:\/\/www.englishplay.com.ve\/wp-content\/uploads\/2020\/03\/aprender-ingles-inteligentemente.png 560w, https:\/\/www.englishplay.com.ve\/wp-content\/uploads\/2020\/03\/aprender-ingles-inteligentemente-300x169.png 300w\" sizes=\"(max-width: 560px) 100vw, 560px\" \/><\/a><\/figure>\n\n\n\n<div class=\"wp-block-image\"><figure class=\"aligncenter is-resized\"><a href=\"https:\/\/www.englishplay.com.ve\/2019\/07\/07\/como-practicar-ingles-de-forma-efectiva\/\" target=\"_blank\" rel=\"noreferrer noopener\"><img decoding=\"async\" loading=\"lazy\" src=\"https:\/\/www.englishplay.com.ve\/wp-content\/uploads\/2019\/07\/FB-como-practicar-de-forma-efectiva-1-300x169.jpg\" alt=\"Saber c\u00f3mo ordenar palabras y construir oraciones, para comunicarte, a veces, se convierte en una piedra en el camino. Atendemos a los contenidos, retenemos la informaci\u00f3n en el momento, y en la pr\u00f3xima clase te das cuenta, de que no recuerdas todo lo que deber\u00edas. En esta entrada, te compartimos una manera sobre como practicar ingles de forma efectiva, aumentar tu memoria y disfrutar del proceso.\" class=\"wp-image-71\" width=\"300\" height=\"169\" srcset=\"https:\/\/www.englishplay.com.ve\/wp-content\/uploads\/2019\/07\/FB-como-practicar-de-forma-efectiva-1-300x169.jpg 300w, https:\/\/www.englishplay.com.ve\/wp-content\/uploads\/2019\/07\/FB-como-practicar-de-forma-efectiva-1.jpg 560w\" sizes=\"(max-width: 300px) 100vw, 300px\" \/><\/a><\/figure><\/div>\n\n\n\n<div class=\"wp-block-image\"><figure class=\"aligncenter is-resized\"><a href=\"https:\/\/www.englishplay.com.ve\/2019\/06\/23\/un-juego-para-aprender-el-presente-simple\/\" target=\"_blank\" rel=\"noreferrer noopener\"><img decoding=\"async\" loading=\"lazy\" src=\"https:\/\/www.englishplay.com.ve\/wp-content\/uploads\/2019\/06\/Garden-Party-4-300x169.png\" alt=\"Juego para practicar el Presente Simple\" class=\"wp-image-10\" width=\"300\" height=\"169\" srcset=\"https:\/\/www.englishplay.com.ve\/wp-content\/uploads\/2019\/06\/Garden-Party-4-300x169.png 300w, https:\/\/www.englishplay.com.ve\/wp-content\/uploads\/2019\/06\/Garden-Party-4.png 560w\" sizes=\"(max-width: 300px) 100vw, 300px\" \/><\/a><\/figure><\/div>\n\n\n\n<div class=\"wp-block-image\"><figure class=\"aligncenter is-resized\"><a href=\"https:\/\/www.englishplay.com.ve\/2019\/06\/23\/como-usar-el-presente-simple-y-para-que-sirve\/\" target=\"_blank\" rel=\"noreferrer noopener\"><img decoding=\"async\" loading=\"lazy\" src=\"https:\/\/www.englishplay.com.ve\/wp-content\/uploads\/2019\/06\/Garden-Party-1-300x169.png\" alt=\"\u00bfQuieres asegurarte de que tus hijos escriban bien en ingl\u00e9s? Pues aqu\u00ed te dejo informaci\u00f3n resumida sobre uno de los tiempos verbales m\u00e1s utilizados, para que puedas ayudarlos a construir sus oraciones gramaticalmente correctas, y te conviertas en su h\u00e9roe americano!\" class=\"wp-image-11\" width=\"300\" height=\"169\" srcset=\"https:\/\/www.englishplay.com.ve\/wp-content\/uploads\/2019\/06\/Garden-Party-1-300x169.png 300w, https:\/\/www.englishplay.com.ve\/wp-content\/uploads\/2019\/06\/Garden-Party-1.png 560w\" sizes=\"(max-width: 300px) 100vw, 300px\" \/><\/a><\/figure><\/div>\n\n\n\n<div class=\"wp-block-image\"><figure class=\"aligncenter is-resized\"><a href=\"https:\/\/www.englishplay.com.ve\/2019\/06\/22\/importancia-gramatica-ingles\/\" target=\"_blank\" rel=\"noreferrer noopener\"><img decoding=\"async\" loading=\"lazy\" src=\"https:\/\/www.englishplay.com.ve\/wp-content\/uploads\/2019\/06\/Garden-Party-300x169.png\" alt=\"Razones para aprender gramatica en ingles\" class=\"wp-image-12\" width=\"300\" height=\"169\" srcset=\"https:\/\/www.englishplay.com.ve\/wp-content\/uploads\/2019\/06\/Garden-Party-300x169.png 300w, https:\/\/www.englishplay.com.ve\/wp-content\/uploads\/2019\/06\/Garden-Party.png 560w\" sizes=\"(max-width: 300px) 100vw, 300px\" \/><\/a><\/figure><\/div>\n","protected":false},"excerpt":{"rendered":"","protected":false},"author":1,"featured_media":99,"parent":0,"menu_order":0,"comment_status":"closed","ping_status":"closed","template":"page-templates\/gallery-template.php","meta":{"om_disable_all_campaigns":false,"_mi_skip_tracking":false},"aioseo_notices":[],"_links":{"self":[{"href":"https:\/\/www.englishplay.com.ve\/index.php?rest_route=\/wp\/v2\/pages\/27"}],"collection":[{"href":"https:\/\/www.englishplay.com.ve\/index.php?rest_route=\/wp\/v2\/pages"}],"about":[{"href":"https:\/\/www.englishplay.com.ve\/index.php?rest_route=\/wp\/v2\/types\/page"}],"author":[{"embeddable":true,"href":"https:\/\/www.englishplay.com.ve\/index.php?rest_route=\/wp\/v2\/users\/1"}],"replies":[{"embeddable":true,"href":"https:\/\/www.englishplay.com.ve\/index.php?rest_route=%2Fwp%2Fv2%2Fcomments&post=27"}],"version-history":[{"count":17,"href":"https:\/\/www.englishplay.com.ve\/index.php?rest_route=\/wp\/v2\/pages\/27\/revisions"}],"predecessor-version":[{"id":166,"href":"https:\/\/www.englishplay.com.ve\/index.php?rest_route=\/wp\/v2\/pages\/27\/revisions\/166"}],"wp:featuredmedia":[{"embeddable":true,"href":"https:\/\/www.englishplay.com.ve\/index.php?rest_route=\/wp\/v2\/media\/99"}],"wp:attachment":[{"href":"https:\/\/www.englishplay.com.ve\/index.php?rest_route=%2Fwp%2Fv2%2Fmedia&parent=27"}],"curies":[{"name":"wp","href":"https:\/\/api.w.org\/{rel}","templated":true}]}}