{"id":2,"date":"2019-06-22T21:15:53","date_gmt":"2019-06-22T21:15:53","guid":{"rendered":"https:\/\/englishplay.com.ve\/?page_id=2"},"modified":"2019-06-23T00:13:04","modified_gmt":"2019-06-23T00:13:04","slug":"sample-page","status":"publish","type":"page","link":"https:\/\/www.englishplay.com.ve\/?page_id=2","title":{"rendered":"Sobre Nosotros"},"content":{"rendered":"\n<p>En EnglishPlay hemos desarrollado un m\u00e9todo l\u00fadico de ense\u00f1anza de ingl\u00e9s para ni\u00f1os (a partir de 6 a\u00f1os) y j\u00f3venes, <\/p>\n\n\n\n<p>Utilizamos el juego como herramienta integradora, colaborativa y motivadora para superar las barreras de aprendizaje. <\/p>\n\n\n\n<p>Aprendemos en un ambiente distendido, activo y participativo logrando reforzar competencias de vocabulario, conversaci\u00f3n, gram\u00e1tica y lecto-escritura.<\/p>\n\n\n\n<p>Te invitamos a ser parte de nuestro grupo!<\/p>\n","protected":false},"excerpt":{"rendered":"<p>En EnglishPlay hemos desarrollado un m\u00e9todo l\u00fadico de ense\u00f1anza de ingl\u00e9s para ni\u00f1os (a partir de 6 a\u00f1os) y j\u00f3venes, Utilizamos el juego como herramienta integradora, colaborativa y motivadora para superar las barreras de aprendizaje. Aprendemos en un ambiente distendido, activo y participativo logrando reforzar competencias de vocabulario, conversaci\u00f3n, gram\u00e1tica y lecto-escritura. Te invitamos a ser parte de nuestro grupo!<\/p>\n","protected":false},"author":1,"featured_media":0,"parent":0,"menu_order":0,"comment_status":"closed","ping_status":"open","template":"","meta":{"om_disable_all_campaigns":false,"_mi_skip_tracking":false},"aioseo_notices":[],"_links":{"self":[{"href":"https:\/\/www.englishplay.com.ve\/index.php?rest_route=\/wp\/v2\/pages\/2"}],"collection":[{"href":"https:\/\/www.englishplay.com.ve\/index.php?rest_route=\/wp\/v2\/pages"}],"about":[{"href":"https:\/\/www.englishplay.com.ve\/index.php?rest_route=\/wp\/v2\/types\/page"}],"author":[{"embeddable":true,"href":"https:\/\/www.englishplay.com.ve\/index.php?rest_route=\/wp\/v2\/users\/1"}],"replies":[{"embeddable":true,"href":"https:\/\/www.englishplay.com.ve\/index.php?rest_route=%2Fwp%2Fv2%2Fcomments&post=2"}],"version-history":[{"count":1,"href":"https:\/\/www.englishplay.com.ve\/index.php?rest_route=\/wp\/v2\/pages\/2\/revisions"}],"predecessor-version":[{"id":21,"href":"https:\/\/www.englishplay.com.ve\/index.php?rest_route=\/wp\/v2\/pages\/2\/revisions\/21"}],"wp:attachment":[{"href":"https:\/\/www.englishplay.com.ve\/index.php?rest_route=%2Fwp%2Fv2%2Fmedia&parent=2"}],"curies":[{"name":"wp","href":"https:\/\/api.w.org\/{rel}","templated":true}]}}